{"id":512,"date":"2018-09-28T08:10:44","date_gmt":"2018-09-28T08:10:44","guid":{"rendered":"http:\/\/newsite.performia.com\/?page_id=512"},"modified":"2024-05-06T09:58:06","modified_gmt":"2024-05-06T09:58:06","slug":"about-us","status":"publish","type":"page","link":"https:\/\/www.performia.com\/sv\/about-us\/","title":{"rendered":"Om oss"},"content":{"rendered":"<p><img loading=\"lazy\" decoding=\"async\" class=\"alignnone size-medium wp-image-303\" src=\"http:\/\/newsite.performia.com\/wp-content\/uploads\/2018\/09\/about-us-730x286.png\" alt=\"\" width=\"730\" height=\"286\" srcset=\"https:\/\/www.performia.com\/wp-content\/uploads\/2018\/09\/about-us-730x286.png 730w, https:\/\/www.performia.com\/wp-content\/uploads\/2018\/09\/about-us-768x300.png 768w, https:\/\/www.performia.com\/wp-content\/uploads\/2018\/09\/about-us.png 790w\" sizes=\"auto, (max-width: 730px) 100vw, 730px\" \/><\/p>\n<p><span style=\"font-family: Times New Roman, serif;\"><span style=\"font-size: xx-large;\"><span lang=\"sv-SE\"><b>vilka vi \u00e4r<\/b><\/span><\/span><span lang=\"sv-SE\"><\/p>\n<p>Performia \u00e4r ett internationellt f\u00f6retag som uteslutande sysslar med rekrytering. Det grundades av M\u00e5rten Runow 2001 och har sedan dess \u00f6ppnat mer \u00e4n 26 kontor runt om i v\u00e4rlden med fler l\u00e4nder redo att b\u00f6rja i skrivande stund.<br \/>\nMarten Runow har arbetat i rekryteringsbranschen i \u00f6ver 39 \u00e5r, specialiserat p\u00e5 anv\u00e4ndningen av testning f\u00f6r detta \u00e4ndam\u00e5l. P\u00e5 Performia anv\u00e4nder vi Produktivitetskontroll och Personlighetsanalys som huvudsakliga fr\u00e5geformul\u00e4r f\u00f6r utv\u00e4rdering, men \u00e4ven m\u00e5nga andra tester som ledarskapstest, IQ och L\u00e4mplighet etc, n\u00e4r det g\u00e4ller att hitta de b\u00e4sta kandidaterna f\u00f6r att hj\u00e4lpa v\u00e5ra kunder att anst\u00e4lla endast produktiva personer, de som kommer att vara tillg\u00e5ngar i deras verksamhet.<br \/>\n<\/span><\/span><\/p>\n<p><span style=\"font-family: Times New Roman, serif;\"><span style=\"font-size: x-large;\"><span lang=\"sv-SE\"><b>vad vi g\u00f6r<\/b><\/span><\/span><span lang=\"sv-SE\"><\/p>\n<p>Genom kraftfulla (men \u00e4nd\u00e5 enkla att anv\u00e4nda) internetbaserade verktyg, erbjuder Performia l\u00f6sningar f\u00f6r alla f\u00f6retag, stora som sm\u00e5. \u00c4ven om Performia-systemet \u00e4r ganska nytt \u00e4r de till\u00e4mpade principerna v\u00e4l bepr\u00f6vade och med Performias bakgrund med 17 \u00e5rs erfarenhet av rekryteringstestning f\u00e5r du tillg\u00e5ng till b\u00e5de kunnande och mycket h\u00f6g teknisk kompetens.<br \/>\nSedan starten 2001 har Performia vuxit stadigt och f\u00f6r n\u00e4rvarande behandlar ett fl\u00f6de p\u00e5 n\u00e4rmare tusen kandidater varje vecka i \u00f6ver 20 l\u00e4nder. V\u00e5ra kunder ger konsekvent systemet h\u00f6ga betyg och uttrycker stor tillfredsst\u00e4llelse med snabbare expansionshastighet, stabila personalscener, b\u00e4ttre l\u00f6nsamhet, mer arbetsgl\u00e4dje och mindre stress.<\/p>\n<p>Vi st\u00e4rker n\u00e4ringslivet genom att hj\u00e4lpa f\u00f6retag att v\u00e4xa snabbare och bli stabilare genom att effektivt ge dem kunskap och systemsupport f\u00f6r att hantera sin egen rekrytering och utv\u00e4rderingsprocess med konstant h\u00f6g kvalitet och framg\u00e5ng.<br \/>\n<\/span><\/span><\/p>\n<p><span style=\"font-family: Times New Roman, serif;\"><span style=\"font-size: x-large;\"><span lang=\"sv-SE\"><b>Performias Vision<\/b><\/span><\/span><span lang=\"sv-SE\"><\/p>\n<p>V\u00e5rt m\u00e5l p\u00e5 Performia \u00e4r att introducera verksamheter runt om i v\u00e4rlden till Hubbards otroliga, enormt testade och bepr\u00f6vade uppt\u00e4ckter om f\u00f6rh\u00e5llandet mellan produktivitet, personlighet, motivation och kunskap, och hur man kan anv\u00e4nda dessa uppt\u00e4ckter f\u00f6r att anst\u00e4lla produktiva, v\u00e4lvilliga m\u00e4nniskor vilket \u00f6kar produktiviteten och den totala expansionen av f\u00f6retaget<\/span> <\/span><\/p>\n","protected":false},"excerpt":{"rendered":"<p>vilka vi \u00e4r Performia \u00e4r ett internationellt f\u00f6retag som uteslutande sysslar med rekrytering. Det grundades av M\u00e5rten Runow 2001 och har sedan dess \u00f6ppnat mer \u00e4n 26 kontor runt om i v\u00e4rlden med fler l\u00e4nder redo att b\u00f6rja i skrivande stund. Marten Runow har arbetat i rekryteringsbranschen i \u00f6ver 39 \u00e5r, specialiserat p\u00e5 anv\u00e4ndningen av&hellip;<\/p>\n","protected":false},"author":2,"featured_media":313,"parent":0,"menu_order":0,"comment_status":"closed","ping_status":"closed","template":"","meta":{"_acf_changed":false,"footnotes":""},"class_list":["post-512","page","type-page","status-publish","has-post-thumbnail","hentry"],"acf":[],"_links":{"self":[{"href":"https:\/\/www.performia.com\/sv\/wp-json\/wp\/v2\/pages\/512","targetHints":{"allow":["GET"]}}],"collection":[{"href":"https:\/\/www.performia.com\/sv\/wp-json\/wp\/v2\/pages"}],"about":[{"href":"https:\/\/www.performia.com\/sv\/wp-json\/wp\/v2\/types\/page"}],"author":[{"embeddable":true,"href":"https:\/\/www.performia.com\/sv\/wp-json\/wp\/v2\/users\/2"}],"replies":[{"embeddable":true,"href":"https:\/\/www.performia.com\/sv\/wp-json\/wp\/v2\/comments?post=512"}],"version-history":[{"count":5,"href":"https:\/\/www.performia.com\/sv\/wp-json\/wp\/v2\/pages\/512\/revisions"}],"predecessor-version":[{"id":10605,"href":"https:\/\/www.performia.com\/sv\/wp-json\/wp\/v2\/pages\/512\/revisions\/10605"}],"wp:featuredmedia":[{"embeddable":true,"href":"https:\/\/www.performia.com\/sv\/wp-json\/wp\/v2\/media\/313"}],"wp:attachment":[{"href":"https:\/\/www.performia.com\/sv\/wp-json\/wp\/v2\/media?parent=512"}],"curies":[{"name":"wp","href":"https:\/\/api.w.org\/{rel}","templated":true}]}}