{"id":10872,"date":"2025-04-29T16:58:33","date_gmt":"2025-04-29T16:58:33","guid":{"rendered":"https:\/\/www.performia.com\/?page_id=10872"},"modified":"2025-09-13T18:09:21","modified_gmt":"2025-09-13T18:09:21","slug":"contact-us","status":"publish","type":"page","link":"https:\/\/www.performia.com\/es_ve\/contact-us\/","title":{"rendered":"Contact Us"},"content":{"rendered":"<h1>Cont\u00e1ctenos<\/h1>\n<div class=\"cardUss\">\n<div class=\"cardUs\" style=\"width: 40% !important; border: none !important; box-shadow: none !important;\">\n<div class=\"text\">\n<p><img loading=\"lazy\" decoding=\"async\" width=\"1000\" height=\"378\" class=\"alignnone wp-image-5283 size-full\" style=\"min-width: 100% !important;\" src=\"https:\/\/www.performia.com\/wp-content\/uploads\/2019\/03\/logo_contact_us-1.png\" alt=\"\" srcset=\"https:\/\/www.performia.com\/wp-content\/uploads\/2019\/03\/logo_contact_us-1.png 1000w, https:\/\/www.performia.com\/wp-content\/uploads\/2019\/03\/logo_contact_us-1-730x276.png 730w, https:\/\/www.performia.com\/wp-content\/uploads\/2019\/03\/logo_contact_us-1-768x290.png 768w\" sizes=\"auto, (max-width: 1000px) 100vw, 1000px\" \/><\/p>\n<\/div>\n<\/div>\n<div class=\"cardUs\" style=\"width: 40% !important; border: none !important; box-shadow: none !important;\">\n<div class=\"text\">\n<h3>PERFORMIA INTERNATIONAL AB<\/h3>\n<p>Bergviksgatan 27, 152 50 S\u00f6dert\u00e4lje, Sweden<br \/>\nOffice: <i class=\"icon-phone\"><\/i> <a href=\"tel:0046858610100\">+46 8 586 101 40<\/a><br \/>\nE-mail: <i class=\"icon-envelop\"><\/i> <a href=\"mailto:info@performia.net\">info@performia.net<\/a><\/p>\n<p>Sales: <i class=\"icon-envelop\"><\/i> <a href=\"mailto:sales@performia.net\">sales@performia.net<\/a><br \/>\nTech support: <i class=\"icon-envelop\"><\/i> <a href=\"mailto:techsupport@performia.net\">techsupport@performia.net<\/a><\/p>\n<\/div>\n<\/div>\n<\/div>\n<div class=\"cardUss\">\n<div class=\"cardUs\">\n<p><img loading=\"lazy\" decoding=\"async\" class=\"flag alignnone wp-image-4390 size-full\" src=\"https:\/\/www.performia.com\/wp-content\/uploads\/2019\/03\/au.png\" alt=\"\" width=\"128\" height=\"128\" \/><\/p>\n<div class=\"text\">\n<h3>AUSTRALIA<\/h3>\n<p class=\"card-title\"><i class=\"icon-phone\"><\/i> <a href=\"tel:0061390010267\">+61 3 9001 0267<\/a><br \/>\n<i class=\"icon-envelop\"><\/i> <a href=\"mailto:info@performia.com.au\">info@performia.com.au<\/a><br \/>\n<i class=\"icon-earth\"><\/i> <a href=\"https:\/\/www.performia.com.au\" target=\"_blank\" rel=\"noopener\">www.performia.com.au<\/a><\/p>\n<\/div>\n<\/div>\n<p><!--div class=\"cardUs\">\n\n<img loading=\"lazy\" decoding=\"async\" class=\"flag alignnone wp-image-4466 size-full\" src=\"https:\/\/www.performia.com\/wp-content\/uploads\/2019\/03\/by.png\" alt=\"\" width=\"128\" height=\"128\" \/>\n\n\n<div class=\"text\">\n\n\n<h3>BELARUS<\/h3>\n\n\n\n\n<p class=\"card-title\"><i class=\"icon-phone\"><\/i> <a href=\"tel:00375173880280\">+ 375 17 388 02 80<\/a>\n<i class=\"icon-envelop\"><\/i> <a href=\"mailto:ed-bel@performia-cis.ru\">ed-bel@performia-cis.ru\u00a0<\/a>\n<i class=\"icon-earth\"><\/i> <a href=\"https:\/\/www.performia-cis.ru\/\">www.performia-cis.ru<\/a><\/p>\n\n\n\n<\/div>\n\n\n<\/div-->\n<div class=\"cardUs\">\n<p><img loading=\"lazy\" decoding=\"async\" class=\"flag alignnone wp-image-4498 size-full\" src=\"https:\/\/www.performia.com\/wp-content\/uploads\/2019\/03\/cn.png\" alt=\"\" width=\"128\" height=\"128\" \/><\/p>\n<div class=\"text\">\n<h3>CHINA<\/h3>\n<p class=\"card-title\"><i class=\"icon-phone\"><\/i> <a href=\"tel:008615989087335\">+86 15 989 087 335<\/a><br \/>\n<i class=\"icon-envelop\"><\/i> <a href=\"mailto:Performia.China@performia.com.au\">Performia.China@performia.com.au<\/a><br \/>\n<i class=\"icon-earth\"><\/i> www.performia.com<\/p>\n<\/div>\n<\/div>\n<div class=\"cardUs\">\n<p><img loading=\"lazy\" decoding=\"async\" class=\"flag alignnone wp-image-4530 size-full\" src=\"https:\/\/www.performia.com\/wp-content\/uploads\/2019\/03\/co.png\" alt=\"\" width=\"128\" height=\"128\" \/><\/p>\n<div class=\"text\">\n<h3>COLOMBIA<\/h3>\n<p class=\"card-title\"><i class=\"icon-phone\"><\/i> <a href=\"tel:005717444859\">+571 7444859<\/a><br \/>\n<i class=\"icon-envelop\"><\/i> <a href=\"mailto:contacto@performia.com.co\">contacto@performia.com.co<\/a><br \/>\n<i class=\"icon-earth\"><\/i> <a href=\"https:\/\/www.performia.com.co\/\">www.performia.com.co<\/a><\/p>\n<\/div>\n<\/div>\n<div class=\"cardUs\">\n<p><img loading=\"lazy\" decoding=\"async\" class=\"flag alignnone wp-image-4562 size-full\" src=\"https:\/\/www.performia.com\/wp-content\/uploads\/2019\/03\/cr.png\" alt=\"\" width=\"128\" height=\"128\" \/><\/p>\n<div class=\"text\">\n<h3>COSTA RICA<\/h3>\n<p class=\"card-title\"><i class=\"icon-phone\"><\/i> <a href=\"tel:0050622200024\">+506 2220-0024<\/a><br \/>\n<i class=\"icon-envelop\"><\/i> <a href=\"mailto:info@performiacr.com\">info@performiacr.com<\/a><br \/>\n<i class=\"icon-earth\"><\/i> <a href=\"https:\/\/www.performiacr.com\/\">www.performiacr.com<\/a><\/p>\n<\/div>\n<\/div>\n<div class=\"cardUs\">\n<p><img loading=\"lazy\" decoding=\"async\" class=\"flag alignnone wp-image-4594 size-full\" src=\"https:\/\/www.performia.com\/wp-content\/uploads\/2019\/03\/cz.png\" alt=\"\" width=\"128\" height=\"128\" \/><\/p>\n<div class=\"text\">\n<h3>CZECH REPUBLIC<\/h3>\n<p class=\"card-title\"><i class=\"icon-phone\"><\/i> <a href=\"tel:00420731492016\">+420 731 492 016<\/a><br \/>\n<i class=\"icon-envelop\"><\/i> <a href=\"mailto:info@performia.cz\">info@performia.cz<\/a><br \/>\n<i class=\"icon-earth\"><\/i> <a href=\"https:\/\/www.performia.cz\/\">www.performia.cz<\/a><\/p>\n<\/div>\n<\/div>\n<div class=\"cardUs\">\n<p><img loading=\"lazy\" decoding=\"async\" class=\"flag alignnone wp-image-4626 size-full\" src=\"https:\/\/www.performia.com\/wp-content\/uploads\/2019\/03\/ec.png\" alt=\"\" width=\"128\" height=\"128\" \/><\/p>\n<div class=\"text\">\n<h3>ECUADOR<\/h3>\n<p class=\"card-title\"><i class=\"icon-phone\"><\/i> <a href=\"tel:0059326030906\">+593 2603 0906<\/a><br \/>\n<i class=\"icon-envelop\"><\/i> <a href=\"mailto:consultor@performia.ec\">consultor@performia.ec<\/a><br \/>\n<i class=\"icon-earth\"><\/i> <a href=\"https:\/\/www.performiaec.com\/\">www.performiaec.com<\/a><\/p>\n<\/div>\n<\/div>\n<div class=\"cardUs\">\n<p><img loading=\"lazy\" decoding=\"async\" class=\"flag alignnone wp-image-4658 size-full\" src=\"https:\/\/www.performia.com\/wp-content\/uploads\/2019\/03\/ee.png\" alt=\"\" width=\"128\" height=\"128\" \/><\/p>\n<div class=\"text\">\n<h3>ESTONIA<\/h3>\n<p class=\"card-title\"><i class=\"icon-phone\"><\/i> <a href=\"tel:003726684311\">+372 66 84 311<\/a><br \/>\n<i class=\"icon-envelop\"><\/i> <a href=\"mailto:info@performia.ee\">info@performia.ee<\/a><br \/>\n<i class=\"icon-earth\"><\/i> <a href=\"https:\/\/performia.ee\/et\/\">www.performia.ee<\/a><\/p>\n<\/div>\n<\/div>\n<div class=\"cardUs\">\n<p><img loading=\"lazy\" decoding=\"async\" class=\"flag alignnone wp-image-4690 size-full\" src=\"https:\/\/www.performia.com\/wp-content\/uploads\/2019\/03\/fi.png\" alt=\"\" width=\"128\" height=\"128\" \/><\/p>\n<div class=\"text\">\n<h3>FINLAND<\/h3>\n<p class=\"card-title\"><i class=\"icon-phone\"><\/i> <a href=\"tel:00358207416420\">+358 207 416 420<\/a><br \/>\n<i class=\"icon-envelop\"><\/i> <a href=\"mailto:eva-maija.ahokas@performia.fi\">eva-maija.ahokas@performia.fi<\/a><br \/>\n<i class=\"icon-earth\"><\/i> www.performia.com<\/p>\n<\/div>\n<\/div>\n<div class=\"cardUs\">\n<p><img loading=\"lazy\" decoding=\"async\" class=\"flag alignnone wp-image-5558 size-full\" src=\"https:\/\/www.performia.com\/wp-content\/uploads\/2019\/03\/fr.png\" alt=\"\" width=\"128\" height=\"128\" \/><\/p>\n<div class=\"text\">\n<h3>FRANCO<\/h3>\n<p class=\"card-title\"><i class=\"icon-phone\"><\/i> <a href=\"tel:003225372920\">+32 25 37 29 20<\/a><br \/>\n<i class=\"icon-envelop\"><\/i> <a href=\"mailto:info@performia.fr\">info@performia.fr<\/a><br \/>\n<i class=\"icon-earth\"><\/i> www.performia.com<\/p>\n<\/div>\n<\/div>\n<div class=\"cardUs\">\n<p><img loading=\"lazy\" decoding=\"async\" class=\"flag alignnone wp-image-5590 size-full\" src=\"https:\/\/www.performia.com\/wp-content\/uploads\/2019\/03\/gr.png\" alt=\"\" width=\"128\" height=\"128\" \/><\/p>\n<div class=\"text\">\n<h3>GREECE<\/h3>\n<p class=\"card-title\"><i class=\"icon-phone\"><\/i> <a href=\"tel:00302106398088\">+30 210 6398088<\/a><br \/>\n<i class=\"icon-envelop\"><\/i> <a href=\"mailto:contact@amt-consultants.gr\">contact@amt-consultants.gr<\/a><br \/>\n<i class=\"icon-earth\"><\/i> www.performia.com<\/p>\n<\/div>\n<\/div>\n<div class=\"cardUs\">\n<p><img loading=\"lazy\" decoding=\"async\" class=\"flag alignnone wp-image-4722 size-full\" src=\"https:\/\/www.performia.com\/wp-content\/uploads\/2019\/03\/gt.png\" alt=\"\" width=\"128\" height=\"128\" \/><\/p>\n<div class=\"text\">\n<h3>GUATEMALA<\/h3>\n<p class=\"card-title\"><i class=\"icon-phone\"><\/i> <a href=\"tel:0046858610100\">+46 8 586 101 40<\/a><br \/>\n<i class=\"icon-envelop\"><\/i> <a href=\"mailto:guatemala@performia.net\">guatemala@performia.net<\/a><br \/>\n<i class=\"icon-earth\"><\/i> www.performia.com<\/p>\n<\/div>\n<\/div>\n<div class=\"cardUs\">\n<p><img loading=\"lazy\" decoding=\"async\" class=\"flag alignnone wp-image-4754 size-full\" src=\"https:\/\/www.performia.com\/wp-content\/uploads\/2019\/03\/hu.png\" alt=\"\" width=\"128\" height=\"128\" \/><\/p>\n<div class=\"text\">\n<h3>HUNGARY<\/h3>\n<p class=\"card-title\"><i class=\"icon-phone\"><\/i> <a href=\"tel:0036703632178\">+36 70 363 2178<\/a><br \/>\n<i class=\"icon-envelop\"><\/i> <a href=\"mailto:info@performia.hu\">info@performia.hu<\/a><br \/>\n<i class=\"icon-earth\"><\/i> <a href=\"https:\/\/performia.hu\/\">www.performia.hu<\/a><\/p>\n<\/div>\n<\/div>\n<div class=\"cardUs\">\n<p><img loading=\"lazy\" decoding=\"async\" class=\"flag alignnone wp-image-4786 size-full\" src=\"https:\/\/www.performia.com\/wp-content\/uploads\/2019\/03\/jp.png\" alt=\"\" width=\"128\" height=\"128\" \/><\/p>\n<div class=\"text\">\n<h3>JAPAN<\/h3>\n<p class=\"card-title\"><i class=\"icon-phone\"><\/i> <a href=\"tel:0081535894701\">+81 53 589 4701<\/a><br \/>\n<i class=\"icon-envelop\"><\/i> <a href=\"mailto:office@performia.jp\">office@performia.jp<\/a><br \/>\n<i class=\"icon-earth\"><\/i> <a href=\"https:\/\/www.performia.jp\/\">www.performia.jp<\/a><\/p>\n<\/div>\n<\/div>\n<div class=\"cardUs\">\n<p><img loading=\"lazy\" decoding=\"async\" class=\"flag alignnone wp-image-4818 size-full\" src=\"https:\/\/www.performia.com\/wp-content\/uploads\/2019\/03\/kz.png\" alt=\"\" width=\"128\" height=\"128\" \/><\/p>\n<div class=\"text\">\n<h3>KAZAKHSTAN<\/h3>\n<p class=\"card-title\">HR Capital<br \/>\n<i class=\"icon-phone\"><\/i> <a href=\"tel:0074956476007\">+7 495 647 60 07<\/a><br \/>\n<i class=\"icon-envelop\"><\/i> <a href=\"mailto:info@performia.ru\">info@performia.ru<\/a><br \/>\n<i class=\"icon-earth\"><\/i> <a href=\"https:\/\/www.performia-cis.ru\/\">www.performia-cis.ru<\/a><\/p>\n<\/div>\n<\/div>\n<div class=\"cardUs\">\n<p><img loading=\"lazy\" decoding=\"async\" class=\"flag alignnone wp-image-4818 size-full\" src=\"https:\/\/www.performia.com\/wp-content\/uploads\/2025\/05\/mu.png\" alt=\"\" width=\"128\" height=\"128\" \/><\/p>\n<div class=\"text\">\n<h3>MAURITIUS<\/h3>\n<p class=\"card-title\">\n<i class=\"icon-phone\"><\/i> <a href=\"tel:0023052510372\">+230 52 510 372<\/a><br \/>\n<i class=\"icon-envelop\"><\/i> <a href=\"mailto:marcd@performia.net\">marcd@performia.net<\/a><br \/>\n<i class=\"icon-earth\"><\/i> <a href=\"https:\/\/www.performia.com\/es_co\/\">www.performia.com<\/a><\/p>\n<\/div>\n<\/div>\n<div class=\"cardUs\">\n<p><img loading=\"lazy\" decoding=\"async\" class=\"flag alignnone wp-image-4818 size-full\" src=\"https:\/\/www.performia.com\/wp-content\/uploads\/2025\/09\/mazedonia.png\" alt=\"\" width=\"128\" height=\"128\" \/><\/p>\n<div class=\"text\">\n<h3>MAZEDONIA<\/h3>\n<p class=\"card-title\">\n<i class=\"icon-phone\"><\/i> <a href=\"tel:0038970217373\">+389 70 217 373<\/a><br \/>\n<i class=\"icon-envelop\"><\/i> <a href=\"mailto:info@performia.mk\">info@performia.mk<\/a><br \/>\n<i class=\"icon-earth\"><\/i> <a href=\"https:\/\/www.performia.com\/es_co\/\">www.performia.com<\/a><\/p>\n<\/div>\n<\/div>\n<div class=\"cardUs\">\n<p><img loading=\"lazy\" decoding=\"async\" class=\"flag alignnone wp-image-4850 size-full\" src=\"https:\/\/www.performia.com\/wp-content\/uploads\/2019\/03\/mx.png\" alt=\"\" width=\"128\" height=\"128\" \/><\/p>\n<div class=\"text\">\n<h3>MEXICO<\/h3>\n<p class=\"card-title\"><i class=\"icon-phone\"><\/i> <a href=\"tel:00522222493601\">+52 222 2493601<\/a><br \/>\n<i class=\"icon-envelop\"><\/i> <a href=\"mailto:contacto@performiamexico.com\">contacto@performiamexico.com<\/a><br \/>\n<i class=\"icon-earth\"><\/i> <a href=\"https:\/\/www.performiamexico.com\/\">www.performiamexico.com<\/a><\/p>\n<\/div>\n<\/div>\n<div class=\"cardUs\">\n<p><img loading=\"lazy\" decoding=\"async\" class=\"flag alignnone wp-image-4882 size-full\" src=\"https:\/\/www.performia.com\/wp-content\/uploads\/2019\/03\/nl.png\" alt=\"\" width=\"128\" height=\"128\" \/><\/p>\n<div class=\"text\">\n<h3>NETHERLANDS<\/h3>\n<p class=\"card-title\">Optimum Performance<br \/>\n<i class=\"icon-phone\"><\/i> <a href=\"tel:0031294745320\">+31 294 745320<\/a><br \/>\n<i class=\"icon-envelop\"><\/i> <a href=\"mailto:info@optimumperformance.nl\">info@optimumperformance.nl<\/a><br \/>\n<i class=\"icon-earth\"><\/i> <a href=\"https:\/\/www.optimumperformance.nl\/\">www.optimumperformance.nl<\/a><\/p>\n<\/div>\n<\/div>\n<div class=\"cardUs\">\n<p><img loading=\"lazy\" decoding=\"async\" class=\"flag alignnone wp-image-4914 size-full\" src=\"https:\/\/www.performia.com\/wp-content\/uploads\/2019\/03\/no.png\" alt=\"\" width=\"128\" height=\"128\" \/><\/p>\n<div class=\"text\">\n<h3>NORWAY<\/h3>\n<p class=\"card-title\"><i class=\"icon-phone\"><\/i> <a href=\"tel:004723310550\">+47 23 31 0550<\/a><br \/>\n<i class=\"icon-envelop\"><\/i> <a href=\"mailto:info@performia.no\">info@performia.no<\/a><br \/>\n<i class=\"icon-earth\"><\/i> <a href=\"https:\/\/performia.no\/\">www.performia.no<\/a><\/p>\n<\/div>\n<\/div>\n<div class=\"cardUs\">\n<p><img loading=\"lazy\" decoding=\"async\" class=\"flag alignnone wp-image-4946 size-full\" src=\"https:\/\/www.performia.com\/wp-content\/uploads\/2019\/03\/ro.png\" alt=\"\" width=\"128\" height=\"128\" \/><\/p>\n<div class=\"text\">\n<h3>ROMANIA<\/h3>\n<p class=\"card-title\"><i class=\"icon-phone\"><\/i> <a href=\"tel:40722667783\">+40 722 66 77 83<\/a><br \/>\n<i class=\"icon-envelop\"><\/i> <a href=\"mailto:office@performiaromania.ro\">office@performiaromania.ro<\/a><br \/>\n<i class=\"icon-earth\"><\/i> www.performia.com<\/p>\n<\/div>\n<\/div>\n<div class=\"cardUs\">\n<p><img loading=\"lazy\" decoding=\"async\" class=\"flag alignnone wp-image-4978 size-full\" src=\"https:\/\/www.performia.com\/wp-content\/uploads\/2019\/03\/ru.png\" alt=\"\" width=\"128\" height=\"128\" \/><\/p>\n<div class=\"text\">\n<h3>RUSSIA<\/h3>\n<p class=\"card-title\"><i class=\"icon-phone\"><\/i> <a href=\"tel:0074956476007\">+7 495 647 60 07<\/a><br \/>\n<i class=\"icon-envelop\"><\/i> <a href=\"mailto:info@performia.ru\">info@performia.ru<\/a><br \/>\n<i class=\"icon-earth\"><\/i> <a href=\"https:\/\/www.performia-cis.ru\/\">www.performia-cis.ru<\/a><\/p>\n<\/div>\n<\/div>\n<div class=\"cardUs\">\n<p><img loading=\"lazy\" decoding=\"async\" class=\"flag alignnone wp-image-5010 size-full\" src=\"https:\/\/www.performia.com\/wp-content\/uploads\/2019\/03\/sk.png\" alt=\"\" width=\"128\" height=\"128\" \/><\/p>\n<div class=\"text\">\n<h3>SLOVAKIA<\/h3>\n<p class=\"card-title\"><i class=\"icon-phone\"><\/i> <a href=\"tel:00421220920590\">+421 2 209 205 90<\/a><br \/>\n<i class=\"icon-envelop\"><\/i> <a href=\"mailto:info@performia.sk\">info@performia.sk<\/a><br \/>\n<i class=\"icon-earth\"><\/i> <a href=\"https:\/\/www.performia.sk\">www.performia.sk<\/a><\/p>\n<\/div>\n<\/div>\n<div class=\"cardUs\">\n<p><img loading=\"lazy\" decoding=\"async\" class=\"flag alignnone wp-image-5042 size-full\" src=\"https:\/\/www.performia.com\/wp-content\/uploads\/2019\/03\/es.png\" alt=\"\" width=\"128\" height=\"128\" \/><\/p>\n<div class=\"text\">\n<h3>SPAIN<\/h3>\n<p class=\"card-title\"><i class=\"icon-phone\"><\/i> <a href=\"tel:0046858610140\">+46 8 586 101 40<\/a><br \/>\n<i class=\"icon-envelop\"><\/i> <a href=\"mailto:spain@performia.net\">spain@performia.net<\/a><br \/>\n<i class=\"icon-earth\"><\/i> www.performia.com<\/p>\n<\/div>\n<\/div>\n<div class=\"cardUs\">\n<p><img loading=\"lazy\" decoding=\"async\" class=\"flag alignnone wp-image-5074 size-full\" src=\"https:\/\/www.performia.com\/wp-content\/uploads\/2019\/03\/se.png\" alt=\"\" width=\"128\" height=\"128\" \/><\/p>\n<div class=\"text\">\n<h3>SWEDEN<\/h3>\n<p class=\"card-title\"><i class=\"icon-phone\"><\/i> <a href=\"tel:0046858610100\">+46 8 586 101 00<\/a><br \/>\n<i class=\"icon-envelop\"><\/i> <a href=\"mailto:info@performia.se\">info@performia.se<\/a><br \/>\n<i class=\"icon-earth\"><\/i> www.performia.com<\/p>\n<\/div>\n<\/div>\n<div class=\"cardUs\">\n<p><img loading=\"lazy\" decoding=\"async\" class=\"flag alignnone wp-image-5074 size-full\" src=\"https:\/\/www.performia.com\/wp-content\/uploads\/2019\/06\/ch.png\" alt=\"\" width=\"128\" height=\"128\" \/><\/p>\n<div class=\"text\">\n<h3>SWITZERLAND<\/h3>\n<p class=\"card-title\">U Man AG<br \/>\n<i class=\"icon-phone\"><\/i> <a href=\"tel:0041763176300\">+41 76 317 63 00<\/a><br \/>\n<i class=\"icon-envelop\"><\/i> <a href=\"mailto:info@performia.ch\">info@performia.ch<\/a><br \/>\n<i class=\"icon-earth\"><\/i> www.performia.ch<\/p>\n<\/div>\n<\/div>\n<div class=\"cardUs\">\n<p><img loading=\"lazy\" decoding=\"async\" class=\"flag alignnone wp-image-5106 size-full\" src=\"https:\/\/www.performia.com\/wp-content\/uploads\/2019\/03\/tw.png\" alt=\"\" width=\"128\" height=\"128\" \/><\/p>\n<div class=\"text\">\n<h3>TAIWAN<\/h3>\n<p class=\"card-title\"><i class=\"icon-phone\"><\/i> <a href=\"tel:00886229575624\">+886 2 2957 5624<\/a><br \/>\n<i class=\"icon-envelop\"><\/i> <a href=\"mailto:performiatw@performia.net\">performiatw@performia.net<\/a><br \/>\n<i class=\"icon-earth\"> <\/i> www.performia.com<\/p>\n<\/div>\n<\/div>\n<div class=\"cardUs\">\n<p><img loading=\"lazy\" decoding=\"async\" class=\"flag alignnone wp-image-5138 size-full\" src=\"https:\/\/www.performia.com\/wp-content\/uploads\/2019\/03\/ua.png\" alt=\"\" width=\"128\" height=\"128\" \/><\/p>\n<div class=\"text\">\n<h3>UKRAINE<\/h3>\n<p class=\"card-title\"><i class=\"icon-phone\"><\/i> <a href=\"tel:00380675563099\">+38 067 556 30 99<\/a><br \/>\n<i class=\"icon-envelop\"><\/i> <a href=\"mailto:info@performia.ua\">info@performia.ua<\/a><br \/>\n<i class=\"icon-earth\"><\/i> <a href=\"https:\/\/performia.com.ua\/\">www.performia.com.ua<\/a><\/p>\n<\/div>\n<\/div>\n<div class=\"cardUs\">\n<p><img loading=\"lazy\" decoding=\"async\" class=\"flag alignnone wp-image-5170 size-full\" src=\"https:\/\/www.performia.com\/wp-content\/uploads\/2019\/03\/uk.png\" alt=\"\" width=\"128\" height=\"128\" \/><\/p>\n<div class=\"text\">\n<h3>UNITED KINGDOM<\/h3>\n<p class=\"card-title\"><i class=\"icon-phone\"><\/i> <a href=\"tel:00441342619118\">+44 1342 619 118<\/a><br \/>\n<i class=\"icon-envelop\"><\/i> <a href=\"mailto:info@performia.co.uk\">info@performia.co.uk<\/a><br \/>\n<i class=\"icon-earth\"><\/i> www.performia.com<\/p>\n<\/div>\n<\/div>\n<div class=\"cardUs\">\n<p><img loading=\"lazy\" decoding=\"async\" class=\"flag alignnone wp-image-5170 size-full\" src=\"https:\/\/www.performia.com\/wp-content\/uploads\/2025\/05\/ve.png\" alt=\"\" width=\"128\" height=\"128\" \/><\/p>\n<div class=\"text\">\n<h3>VENEZUELA<\/h3>\n<p class=\"card-title\"><i class=\"icon-phone\"><\/i> <a href=\"tel:00584243599327\">+58 424 359 9327<\/a><br \/>\n<i class=\"icon-envelop\"><\/i> <a href=\"mailto:contacto@performia.com.ve\">contacto@performia.com.ve<\/a><br \/>\n<i class=\"icon-earth\"><\/i> <a href=\"https:\/\/www.performia.com.ve\/\">www.performia.com.ve<\/a><\/p>\n<\/div>\n<\/div>\n<\/div>\n","protected":false},"excerpt":{"rendered":"<p>Cont\u00e1ctenos PERFORMIA INTERNATIONAL AB Bergviksgatan 27, 152 50 S\u00f6dert\u00e4lje, Sweden Office: +46 8 586 101 40 E-mail: info@performia.net Sales: sales@performia.net Tech support: techsupport@performia.net AUSTRALIA +61 3 9001 0267 info@performia.com.au www.performia.com.au CHINA +86 15 989 087 335 Performia.China@performia.com.au www.performia.com COLOMBIA +571 7444859 contacto@performia.com.co www.performia.com.co COSTA RICA +506 2220-0024 info@performiacr.com www.performiacr.com CZECH REPUBLIC +420 731 492 016&hellip;<\/p>\n","protected":false},"author":2,"featured_media":10919,"parent":0,"menu_order":0,"comment_status":"closed","ping_status":"closed","template":"","meta":{"_acf_changed":false,"footnotes":""},"class_list":["post-10872","page","type-page","status-publish","has-post-thumbnail","hentry"],"acf":[],"_links":{"self":[{"href":"https:\/\/www.performia.com\/es_ve\/wp-json\/wp\/v2\/pages\/10872","targetHints":{"allow":["GET"]}}],"collection":[{"href":"https:\/\/www.performia.com\/es_ve\/wp-json\/wp\/v2\/pages"}],"about":[{"href":"https:\/\/www.performia.com\/es_ve\/wp-json\/wp\/v2\/types\/page"}],"author":[{"embeddable":true,"href":"https:\/\/www.performia.com\/es_ve\/wp-json\/wp\/v2\/users\/2"}],"replies":[{"embeddable":true,"href":"https:\/\/www.performia.com\/es_ve\/wp-json\/wp\/v2\/comments?post=10872"}],"version-history":[{"count":2,"href":"https:\/\/www.performia.com\/es_ve\/wp-json\/wp\/v2\/pages\/10872\/revisions"}],"predecessor-version":[{"id":12065,"href":"https:\/\/www.performia.com\/es_ve\/wp-json\/wp\/v2\/pages\/10872\/revisions\/12065"}],"wp:featuredmedia":[{"embeddable":true,"href":"https:\/\/www.performia.com\/es_ve\/wp-json\/wp\/v2\/media\/10919"}],"wp:attachment":[{"href":"https:\/\/www.performia.com\/es_ve\/wp-json\/wp\/v2\/media?parent=10872"}],"curies":[{"name":"wp","href":"https:\/\/api.w.org\/{rel}","templated":true}]}}